{"id":7067,"date":"2025-03-17T11:37:27","date_gmt":"2025-03-17T11:37:27","guid":{"rendered":"https:\/\/www.fastturnpcbs.com\/faqs\/"},"modified":"2025-05-28T03:21:31","modified_gmt":"2025-05-28T03:21:31","slug":"faqs","status":"publish","type":"page","link":"https:\/\/www.fastturnpcbs.com\/de\/faqs\/","title":{"rendered":"FAQs"},"content":{"rendered":"\t\t<div data-elementor-type=\"wp-page\" data-elementor-id=\"7067\" class=\"elementor elementor-7067 elementor-354\" data-elementor-settings=\"{&quot;element_pack_global_tooltip_width&quot;:{&quot;unit&quot;:&quot;px&quot;,&quot;size&quot;:&quot;&quot;,&quot;sizes&quot;:[]},&quot;element_pack_global_tooltip_width_widescreen&quot;:{&quot;unit&quot;:&quot;px&quot;,&quot;size&quot;:&quot;&quot;,&quot;sizes&quot;:[]},&quot;element_pack_global_tooltip_width_laptop&quot;:{&quot;unit&quot;:&quot;px&quot;,&quot;size&quot;:&quot;&quot;,&quot;sizes&quot;:[]},&quot;element_pack_global_tooltip_width_tablet_extra&quot;:{&quot;unit&quot;:&quot;px&quot;,&quot;size&quot;:&quot;&quot;,&quot;sizes&quot;:[]},&quot;element_pack_global_tooltip_width_tablet&quot;:{&quot;unit&quot;:&quot;px&quot;,&quot;size&quot;:&quot;&quot;,&quot;sizes&quot;:[]},&quot;element_pack_global_tooltip_width_mobile_extra&quot;:{&quot;unit&quot;:&quot;px&quot;,&quot;size&quot;:&quot;&quot;,&quot;sizes&quot;:[]},&quot;element_pack_global_tooltip_width_mobile&quot;:{&quot;unit&quot;:&quot;px&quot;,&quot;size&quot;:&quot;&quot;,&quot;sizes&quot;:[]},&quot;element_pack_global_tooltip_padding&quot;:{&quot;unit&quot;:&quot;px&quot;,&quot;top&quot;:&quot;&quot;,&quot;right&quot;:&quot;&quot;,&quot;bottom&quot;:&quot;&quot;,&quot;left&quot;:&quot;&quot;,&quot;isLinked&quot;:true},&quot;element_pack_global_tooltip_padding_widescreen&quot;:{&quot;unit&quot;:&quot;px&quot;,&quot;top&quot;:&quot;&quot;,&quot;right&quot;:&quot;&quot;,&quot;bottom&quot;:&quot;&quot;,&quot;left&quot;:&quot;&quot;,&quot;isLinked&quot;:true},&quot;element_pack_global_tooltip_padding_laptop&quot;:{&quot;unit&quot;:&quot;px&quot;,&quot;top&quot;:&quot;&quot;,&quot;right&quot;:&quot;&quot;,&quot;bottom&quot;:&quot;&quot;,&quot;left&quot;:&quot;&quot;,&quot;isLinked&quot;:true},&quot;element_pack_global_tooltip_padding_tablet_extra&quot;:{&quot;unit&quot;:&quot;px&quot;,&quot;top&quot;:&quot;&quot;,&quot;right&quot;:&quot;&quot;,&quot;bottom&quot;:&quot;&quot;,&quot;left&quot;:&quot;&quot;,&quot;isLinked&quot;:true},&quot;element_pack_global_tooltip_padding_tablet&quot;:{&quot;unit&quot;:&quot;px&quot;,&quot;top&quot;:&quot;&quot;,&quot;right&quot;:&quot;&quot;,&quot;bottom&quot;:&quot;&quot;,&quot;left&quot;:&quot;&quot;,&quot;isLinked&quot;:true},&quot;element_pack_global_tooltip_padding_mobile_extra&quot;:{&quot;unit&quot;:&quot;px&quot;,&quot;top&quot;:&quot;&quot;,&quot;right&quot;:&quot;&quot;,&quot;bottom&quot;:&quot;&quot;,&quot;left&quot;:&quot;&quot;,&quot;isLinked&quot;:true},&quot;element_pack_global_tooltip_padding_mobile&quot;:{&quot;unit&quot;:&quot;px&quot;,&quot;top&quot;:&quot;&quot;,&quot;right&quot;:&quot;&quot;,&quot;bottom&quot;:&quot;&quot;,&quot;left&quot;:&quot;&quot;,&quot;isLinked&quot;:true},&quot;element_pack_global_tooltip_border_radius&quot;:{&quot;unit&quot;:&quot;px&quot;,&quot;top&quot;:&quot;&quot;,&quot;right&quot;:&quot;&quot;,&quot;bottom&quot;:&quot;&quot;,&quot;left&quot;:&quot;&quot;,&quot;isLinked&quot;:true},&quot;element_pack_global_tooltip_border_radius_widescreen&quot;:{&quot;unit&quot;:&quot;px&quot;,&quot;top&quot;:&quot;&quot;,&quot;right&quot;:&quot;&quot;,&quot;bottom&quot;:&quot;&quot;,&quot;left&quot;:&quot;&quot;,&quot;isLinked&quot;:true},&quot;element_pack_global_tooltip_border_radius_laptop&quot;:{&quot;unit&quot;:&quot;px&quot;,&quot;top&quot;:&quot;&quot;,&quot;right&quot;:&quot;&quot;,&quot;bottom&quot;:&quot;&quot;,&quot;left&quot;:&quot;&quot;,&quot;isLinked&quot;:true},&quot;element_pack_global_tooltip_border_radius_tablet_extra&quot;:{&quot;unit&quot;:&quot;px&quot;,&quot;top&quot;:&quot;&quot;,&quot;right&quot;:&quot;&quot;,&quot;bottom&quot;:&quot;&quot;,&quot;left&quot;:&quot;&quot;,&quot;isLinked&quot;:true},&quot;element_pack_global_tooltip_border_radius_tablet&quot;:{&quot;unit&quot;:&quot;px&quot;,&quot;top&quot;:&quot;&quot;,&quot;right&quot;:&quot;&quot;,&quot;bottom&quot;:&quot;&quot;,&quot;left&quot;:&quot;&quot;,&quot;isLinked&quot;:true},&quot;element_pack_global_tooltip_border_radius_mobile_extra&quot;:{&quot;unit&quot;:&quot;px&quot;,&quot;top&quot;:&quot;&quot;,&quot;right&quot;:&quot;&quot;,&quot;bottom&quot;:&quot;&quot;,&quot;left&quot;:&quot;&quot;,&quot;isLinked&quot;:true},&quot;element_pack_global_tooltip_border_radius_mobile&quot;:{&quot;unit&quot;:&quot;px&quot;,&quot;top&quot;:&quot;&quot;,&quot;right&quot;:&quot;&quot;,&quot;bottom&quot;:&quot;&quot;,&quot;left&quot;:&quot;&quot;,&quot;isLinked&quot;:true}}\" data-elementor-post-type=\"page\">\n\t\t\t\t<div class=\"elementor-element elementor-element-54c34f0 e-flex e-con-boxed e-con e-parent\" data-id=\"54c34f0\" data-element_type=\"container\" data-e-type=\"container\">\n\t\t\t\t\t<div class=\"e-con-inner\">\n\t\t<div class=\"elementor-element elementor-element-d257cb8 e-con-full e-flex e-con e-child\" data-id=\"d257cb8\" data-element_type=\"container\" data-e-type=\"container\">\n\t\t\t\t<div class=\"elementor-element elementor-element-a0b63c1 elementor-widget elementor-widget-heading\" data-id=\"a0b63c1\" data-element_type=\"widget\" data-e-type=\"widget\" data-widget_type=\"heading.default\">\n\t\t\t\t\t<h2 id=\"faqs-zur-fertigung-bei-fastturn\" class=\"elementor-heading-title elementor-size-default\">FAQs zur Fertigung bei FastTurn<\/h2>\t\t\t\t<\/div>\n\t\t\t\t<div class=\"elementor-element elementor-element-7dc2230 elementor-widget elementor-widget-text-editor\" data-id=\"7dc2230\" data-element_type=\"widget\" data-e-type=\"widget\" data-widget_type=\"text-editor.default\">\n\t\t\t\t\t\t\t\t\t<p>Wir haben viele FAQs f\u00fcr Sie vorbereitet, damit Sie unsere Fabrik besser verstehen, bevor Sie eine Bestellung aufgeben. Wenn Sie FAQs zu einem bestimmten Service erhalten m\u00f6chten, gehen Sie bitte auf die entsprechende Service-Seite und finden Sie die gew\u00fcnschten Informationen am Ende der Seite. .<\/p>\t\t\t\t\t\t\t\t<\/div>\n\t\t\t\t<div class=\"elementor-element elementor-element-43299e7 elementor-widget elementor-widget-button\" data-id=\"43299e7\" data-element_type=\"widget\" data-e-type=\"widget\" data-widget_type=\"button.default\">\n\t\t\t\t\t\t\t\t\t\t<a class=\"elementor-button elementor-button-link elementor-size-sm\" href=\"https:\/\/www.fastturnpcbs.com\/de\/zitat\/\">\n\t\t\t\t\t\t<span class=\"elementor-button-content-wrapper\">\n\t\t\t\t\t\t\t\t\t<span class=\"elementor-button-text\">Angebot einholen<\/span>\n\t\t\t\t\t<\/span>\n\t\t\t\t\t<\/a>\n\t\t\t\t\t\t\t\t<\/div>\n\t\t\t\t<\/div>\n\t\t<div class=\"elementor-element elementor-element-3cdad9f e-con-full e-flex e-con e-child\" data-id=\"3cdad9f\" data-element_type=\"container\" data-e-type=\"container\">\n\t\t\t\t<div class=\"elementor-element elementor-element-7500407 elementor-widget elementor-widget-image\" data-id=\"7500407\" data-element_type=\"widget\" data-e-type=\"widget\" data-widget_type=\"image.default\">\n\t\t\t\t\t\t\t\t\t\t\t\t\t\t\t<img fetchpriority=\"high\" decoding=\"async\" width=\"1024\" height=\"721\" src=\"https:\/\/www.fastturnpcbs.com\/wp-content\/uploads\/2025\/04\/faqs-for-manufacturing1-1024x721.webp\" class=\"attachment-large size-large wp-image-7068\" alt=\"\" \/>\t\t\t\t\t\t\t\t\t\t\t\t\t\t\t<\/div>\n\t\t\t\t<\/div>\n\t\t\t\t\t<\/div>\n\t\t\t\t<\/div>\n\t\t<div class=\"elementor-element elementor-element-6cb1b5c7 PCBs-Related-Posts e-flex e-con-boxed e-con e-parent\" data-id=\"6cb1b5c7\" data-element_type=\"container\" data-e-type=\"container\" data-settings=\"{&quot;background_background&quot;:&quot;classic&quot;}\">\n\t\t\t\t\t<div class=\"e-con-inner\">\n\t\t\t\t<div class=\"elementor-element elementor-element-762225d elementor-widget-mobile__width-inherit elementor-widget elementor-widget-heading\" data-id=\"762225d\" data-element_type=\"widget\" data-e-type=\"widget\" data-widget_type=\"heading.default\">\n\t\t\t\t\t<h2 id=\"warum-sie-fastturn%ef%bc%9f-vertrauen-koennen\" class=\"elementor-heading-title elementor-size-default\">Warum Sie fastturn\uff1f vertrauen k\u00f6nnen<\/h2>\t\t\t\t<\/div>\n\t\t\t\t\t<\/div>\n\t\t\t\t<\/div>\n\t\t<div class=\"elementor-element elementor-element-0e11286 e-flex e-con-boxed e-con e-parent\" data-id=\"0e11286\" data-element_type=\"container\" data-e-type=\"container\">\n\t\t\t\t\t<div class=\"e-con-inner\">\n\t\t\t\t<div class=\"elementor-element elementor-element-545e093 elementor-widget elementor-widget-image\" data-id=\"545e093\" data-element_type=\"widget\" data-e-type=\"widget\" data-widget_type=\"image.default\">\n\t\t\t\t\t\t\t\t\t\t\t\t\t\t\t<img decoding=\"async\" width=\"1920\" height=\"800\" src=\"https:\/\/www.fastturnpcbs.com\/wp-content\/uploads\/2025\/05\/1748330277-1.jpg\" class=\"attachment-large size-large wp-image-7069\" alt=\"FAQ1\" \/>\t\t\t\t\t\t\t\t\t\t\t\t\t\t\t<\/div>\n\t\t\t\t\t<\/div>\n\t\t\t\t<\/div>\n\t\t<div class=\"elementor-element elementor-element-8cf2c7e e-grid e-con-boxed e-con e-parent\" data-id=\"8cf2c7e\" data-element_type=\"container\" data-e-type=\"container\">\n\t\t\t\t\t<div class=\"e-con-inner\">\n\t\t\t\t<div class=\"elementor-element elementor-element-2dc665d elementor-widget elementor-widget-text-editor\" data-id=\"2dc665d\" data-element_type=\"widget\" data-e-type=\"widget\" data-widget_type=\"text-editor.default\">\n\t\t\t\t\t\t\t\t\t<h2 id=\"kompromisslose-qualitaetssicherung\"><strong><b>Kompromisslose Qualit\u00e4tssicherung<\/b><\/strong><\/h2><p>Bei FastTurn PCB beginnt die Zuverl\u00e4ssigkeit mit erstklassigen Materialien. Wir beziehen FR4-Laminate von branchenf\u00fchrenden Marken wie Shengyi S1000 &#8211; 2M, IT &#8211; 180A (Lianmao) und TU &#8211; 768 (Taiyao). Dies gew\u00e4hrleistet eine \u00fcberragende Leistung von der Materialauswahl bis hin zur Produktion, den Tests und der Auslieferung. Unsere strenge dreistufige Qualit\u00e4tskontrolle (IQC\/IPQC\/OQC) stellt sicher, dass jedes Produkt den h\u00f6chsten Industriestandards entspricht.   <\/p>\t\t\t\t\t\t\t\t<\/div>\n\t\t<div class=\"elementor-element elementor-element-092dfb6 e-con-full e-flex e-con e-child\" data-id=\"092dfb6\" data-element_type=\"container\" data-e-type=\"container\">\n\t\t\t\t<div class=\"elementor-element elementor-element-e0765bd elementor-widget elementor-widget-text-editor\" data-id=\"e0765bd\" data-element_type=\"widget\" data-e-type=\"widget\" data-widget_type=\"text-editor.default\">\n\t\t\t\t\t\t\t\t\t<h2 id=\"praezise-lieferung\"><strong><b>Pr\u00e4zise Lieferung  <\/b><\/strong><\/h2><p>                             <\/p><p>Bei FAST TURN PCB haben wir die Logistik auf Geschwindigkeit und Zuverl\u00e4ssigkeit optimiert. Wir arbeiten mit globalen Spediteuren wie FedEx, DHL und UPS zusammen, um Versandl\u00f6sungen zu entwickeln, die auf Ihren Standort, Ihren Lieferplan und Ihre regionalen Anforderungen zugeschnitten sind. Dieser strategische Ansatz gew\u00e4hrleistet eine p\u00fcnktliche Lieferung und h\u00e4lt gleichzeitig die Kosten unter Kontrolle.  <\/p>\t\t\t\t\t\t\t\t<\/div>\n\t\t\t\t<\/div>\n\t\t\t\t<div class=\"elementor-element elementor-element-444ad2f elementor-widget elementor-widget-text-editor\" data-id=\"444ad2f\" data-element_type=\"widget\" data-e-type=\"widget\" data-widget_type=\"text-editor.default\">\n\t\t\t\t\t\t\t\t\t<h2 id=\"kundenorientierter-professioneller-support\"><strong><b>Kundenorientierter professioneller Support<\/b><\/strong><\/h2><p>Bei FAST TURN PCB ist Ihr Erfolg unsere oberste Priorit\u00e4t. Jeder Kunde erh\u00e4lt einen engagierten Projektmanager, der rund um die Uhr technische Unterst\u00fctzung, pers\u00f6nliche Beratung und transparente Kommunikation bietet. Von der ersten Beratung bis zur endg\u00fcltigen Lieferung gehen wir Herausforderungen aktiv an, rationalisieren Arbeitsabl\u00e4ufe und bieten L\u00f6sungen, die Ihren individuellen Zielen entsprechen.  <\/p>\t\t\t\t\t\t\t\t<\/div>\n\t\t\t\t<div class=\"elementor-element elementor-element-ec2df8c elementor-widget elementor-widget-text-editor\" data-id=\"ec2df8c\" data-element_type=\"widget\" data-e-type=\"widget\" data-widget_type=\"text-editor.default\">\n\t\t\t\t\t\t\t\t\t<h2 id=\"zentralisierte-globale-kundenbeschaffung\"><strong><b>Zentralisierte globale Kundenbeschaffung  <\/b><\/strong><\/h2><p>Nutzen Sie unser globales Netzwerk von vertrauensw\u00fcrdigen Lieferanten. Das zentrale Einkaufssystem von FastTurn PCB bietet Kunden aus verschiedenen Branchen wettbewerbsf\u00e4hige Preise und hochwertige Komponenten. Wir vereinfachen die komplexe Beschaffung, verk\u00fcrzen die Vorlaufzeiten und gew\u00e4hrleisten einen kosteneffizienten Zugang zu erstklassigen Materialien.  <\/p>\t\t\t\t\t\t\t\t<\/div>\n\t\t\t\t<div class=\"elementor-element elementor-element-0a7cf18 elementor-widget elementor-widget-text-editor\" data-id=\"0a7cf18\" data-element_type=\"widget\" data-e-type=\"widget\" data-widget_type=\"text-editor.default\">\n\t\t\t\t\t\t\t\t\t<h2 id=\"auf-integritaet-aufgebaute-partnerschaften\"><strong><b>Auf Integrit\u00e4t aufgebaute Partnerschaften  <\/b><\/strong><\/h2><p>                           <\/p><p>Bei FAST TURN PCB ist Vertrauen die Grundlage jeder Zusammenarbeit. Wir halten uns an strenge Vertraulichkeit und ethische Standards, um Ihr geistiges Eigentum und Ihre Gesch\u00e4ftsinteressen zu sch\u00fctzen. Indem wir Transparenz und Fairness in den Vordergrund stellen, bauen wir langfristige Partnerschaften auf, die auf gegenseitigem Erfolg basieren.  <\/p>\t\t\t\t\t\t\t\t<\/div>\n\t\t\t\t<div class=\"elementor-element elementor-element-b9c55d3 elementor-widget elementor-widget-text-editor\" data-id=\"b9c55d3\" data-element_type=\"widget\" data-e-type=\"widget\" data-widget_type=\"text-editor.default\">\n\t\t\t\t\t\t\t\t\t<h2 id=\"one-stop-service-fuer-pcb-und-pcba-elektronische-komponenten\"><strong><b>One &#8211; Stop Service f\u00fcr PCB und PCBA elektronische Komponenten<\/b><\/strong><\/h2><p>Bei FAST TURN PCB bieten wir umfassende Dienstleistungen f\u00fcr elektronische Komponenten auf PCB und PCBA an. Wir sind stolz darauf, ein Anbieter von Komplettl\u00f6sungen zu sein, der alle Ihre Bed\u00fcrfnisse in diesem Bereich erf\u00fcllt. Unser engagiertes Team ist bereit, Ihnen zeitnahe und pr\u00e4zise Angebote auf der Grundlage Ihrer spezifischen Anforderungen zu unterbreiten. Auf diese Weise wollen wir unseren Kunden helfen, die Kosten in der Lieferkette zu senken und die Vorlaufzeiten zu minimieren, um eine nahtlose und effiziente Lieferung zu gew\u00e4hrleisten.   <\/p>\t\t\t\t\t\t\t\t<\/div>\n\t\t\t\t\t<\/div>\n\t\t\t\t<\/div>\n\t\t<div class=\"elementor-element elementor-element-4f4cae85 PCBs-Related-Posts e-flex e-con-boxed e-con e-parent\" data-id=\"4f4cae85\" data-element_type=\"container\" data-e-type=\"container\" data-settings=\"{&quot;background_background&quot;:&quot;classic&quot;}\">\n\t\t\t\t\t<div class=\"e-con-inner\">\n\t\t\t\t<div class=\"elementor-element elementor-element-58b13fd9 elementor-widget-mobile__width-inherit elementor-widget elementor-widget-heading\" data-id=\"58b13fd9\" data-element_type=\"widget\" data-e-type=\"widget\" data-widget_type=\"heading.default\">\n\t\t\t\t\t<h2 id=\"faqs\" class=\"elementor-heading-title elementor-size-default\">FAQS<\/h2>\t\t\t\t<\/div>\n\t\t\t\t\t<\/div>\n\t\t\t\t<\/div>\n\t\t<div class=\"elementor-element elementor-element-5942682 e-grid e-con-boxed e-con e-parent\" data-id=\"5942682\" data-element_type=\"container\" data-e-type=\"container\">\n\t\t\t\t\t<div class=\"e-con-inner\">\n\t\t\t\t<div class=\"elementor-element elementor-element-c597d59 elementor-widget elementor-widget-heading\" data-id=\"c597d59\" data-element_type=\"widget\" data-e-type=\"widget\" data-widget_type=\"heading.default\">\n\t\t\t\t\t<h2 id=\"preisgestaltung-und-zahlungen\" class=\"elementor-heading-title elementor-size-default\"><br><br><br>Preisgestaltung und Zahlungen<\/h2>\t\t\t\t<\/div>\n\t\t\t\t<div class=\"elementor-element elementor-element-c30aea8 elementor-widget elementor-widget-heading\" data-id=\"c30aea8\" data-element_type=\"widget\" data-e-type=\"widget\" data-widget_type=\"heading.default\">\n\t\t\t\t\t<h2 id=\"versand-und-lieferung\" class=\"elementor-heading-title elementor-size-default\"><br><br><br>Versand und Lieferung<\/h2>\t\t\t\t<\/div>\n\t\t\t\t<div class=\"elementor-element elementor-element-2e6fb2a elementor-widget elementor-widget-heading\" data-id=\"2e6fb2a\" data-element_type=\"widget\" data-e-type=\"widget\" data-widget_type=\"heading.default\">\n\t\t\t\t\t<h2 id=\"qualitaet-und-after-sales\" class=\"elementor-heading-title elementor-size-default\"><br><br><br>Qualit\u00e4t und After-Sales<\/h2>\t\t\t\t<\/div>\n\t\t\t\t\t<\/div>\n\t\t\t\t<\/div>\n\t\t<div class=\"elementor-element elementor-element-122cbf7 e-flex e-con-boxed e-con e-parent\" data-id=\"122cbf7\" data-element_type=\"container\" data-e-type=\"container\">\n\t\t\t\t\t<div class=\"e-con-inner\">\n\t\t<div class=\"elementor-element elementor-element-4fd5b0a e-con-full e-flex e-con e-child\" data-id=\"4fd5b0a\" data-element_type=\"container\" data-e-type=\"container\">\n\t\t\t\t<\/div>\n\t\t<div class=\"elementor-element elementor-element-7f82f92 e-con-full e-flex e-con e-child\" data-id=\"7f82f92\" data-element_type=\"container\" data-e-type=\"container\">\n\t\t\t\t<\/div>\n\t\t<div class=\"elementor-element elementor-element-7cab5ad e-con-full e-flex e-con e-child\" data-id=\"7cab5ad\" data-element_type=\"container\" data-e-type=\"container\">\n\t\t\t\t<\/div>\n\t\t\t\t\t<\/div>\n\t\t\t\t<\/div>\n\t\t<div class=\"elementor-element elementor-element-03fa81b e-flex e-con-boxed e-con e-parent\" data-id=\"03fa81b\" data-element_type=\"container\" data-e-type=\"container\">\n\t\t\t\t\t<div class=\"e-con-inner\">\n\t\t\t\t<div class=\"elementor-element elementor-element-5166085 elementor-widget elementor-widget-image\" data-id=\"5166085\" data-element_type=\"widget\" data-e-type=\"widget\" data-widget_type=\"image.default\">\n\t\t\t\t\t\t\t\t\t\t\t\t\t\t\t<img decoding=\"async\" width=\"1920\" height=\"800\" src=\"https:\/\/www.fastturnpcbs.com\/wp-content\/uploads\/2025\/05\/1748330339-2.jpg\" class=\"attachment-large size-large wp-image-7070\" alt=\"FAQ2\" \/>\t\t\t\t\t\t\t\t\t\t\t\t\t\t\t<\/div>\n\t\t\t\t\t<\/div>\n\t\t\t\t<\/div>\n\t\t<div class=\"elementor-element elementor-element-5daf23fa e-flex e-con-boxed e-con e-parent\" data-id=\"5daf23fa\" data-element_type=\"container\" data-e-type=\"container\" data-settings=\"{&quot;background_background&quot;:&quot;classic&quot;}\">\n\t\t\t\t\t<div class=\"e-con-inner\">\n\t\t<div class=\"elementor-element elementor-element-580f4f19 e-con-full e-flex e-con e-child\" data-id=\"580f4f19\" data-element_type=\"container\" data-e-type=\"container\" data-settings=\"{&quot;background_background&quot;:&quot;classic&quot;}\">\n\t\t\t\t<div class=\"elementor-element elementor-element-5595c35 elementor-widget elementor-widget-heading\" data-id=\"5595c35\" data-element_type=\"widget\" data-e-type=\"widget\" data-widget_type=\"heading.default\">\n\t\t\t\t\t<h2 id=\"bringen-sie-ihre-teile-noch-heute-in-produktion\" class=\"elementor-heading-title elementor-size-default\">Bringen Sie Ihre Teile <br> noch heute in Produktion<\/h2>\t\t\t\t<\/div>\n\t\t\t\t<div class=\"elementor-element elementor-element-ba7dd13 elementor-widget elementor-widget-text-editor\" data-id=\"ba7dd13\" data-element_type=\"widget\" data-e-type=\"widget\" data-widget_type=\"text-editor.default\">\n\t\t\t\t\t\t\t\t\t<p>Alle Informationen und Uploads sind sicher und vertraulich.<\/p>\t\t\t\t\t\t\t\t<\/div>\n\t\t\t\t<\/div>\n\t\t<div class=\"elementor-element elementor-element-9e7b910 e-con-full e-flex e-con e-child\" data-id=\"9e7b910\" data-element_type=\"container\" data-e-type=\"container\" data-settings=\"{&quot;background_background&quot;:&quot;classic&quot;}\">\n\t\t\t\t<div class=\"elementor-element elementor-element-66e5d1de elementor-align-center elementor-widget elementor-widget-button\" data-id=\"66e5d1de\" data-element_type=\"widget\" data-e-type=\"widget\" data-widget_type=\"button.default\">\n\t\t\t\t\t\t\t\t\t\t<a class=\"elementor-button elementor-button-link elementor-size-sm\" href=\"https:\/\/www.fastturnpcbs.com\/de\/zitat\/\">\n\t\t\t\t\t\t<span class=\"elementor-button-content-wrapper\">\n\t\t\t\t\t\t\t\t\t<span class=\"elementor-button-text\">Sofortiges Angebot anfordern<\/span>\n\t\t\t\t\t<\/span>\n\t\t\t\t\t<\/a>\n\t\t\t\t\t\t\t\t<\/div>\n\t\t\t\t<\/div>\n\t\t\t\t\t<\/div>\n\t\t\t\t<\/div>\n\t\t<div class=\"elementor-element elementor-element-d07271f e-flex e-con-boxed e-con e-parent\" data-id=\"d07271f\" data-element_type=\"container\" data-e-type=\"container\">\n\t\t\t\t\t<div class=\"e-con-inner\">\n\t\t\t\t\t<\/div>\n\t\t\t\t<\/div>\n\t\t\t\t<\/div>\n\t\t","protected":false},"excerpt":{"rendered":"<p>FAQs zur Fertigung bei FastTurn Wir haben viele FAQs f\u00fcr Sie vorbereitet, damit Sie unsere Fabrik besser verstehen, bevor Sie eine Bestellung aufgeben. Wenn Sie FAQs zu einem bestimmten Service erhalten m\u00f6chten, gehen Sie bitte auf die entsprechende Service-Seite und finden Sie die gew\u00fcnschten Informationen am Ende der Seite. . Angebot einholen Warum Sie fastturn\uff1f [&hellip;]<\/p>\n","protected":false},"author":2,"featured_media":0,"parent":0,"menu_order":0,"comment_status":"closed","ping_status":"closed","template":"","meta":{"_acf_changed":false,"footnotes":""},"class_list":["post-7067","page","type-page","status-publish","hentry"],"acf":[],"_links":{"self":[{"href":"https:\/\/www.fastturnpcbs.com\/de\/wp-json\/wp\/v2\/pages\/7067","targetHints":{"allow":["GET"]}}],"collection":[{"href":"https:\/\/www.fastturnpcbs.com\/de\/wp-json\/wp\/v2\/pages"}],"about":[{"href":"https:\/\/www.fastturnpcbs.com\/de\/wp-json\/wp\/v2\/types\/page"}],"author":[{"embeddable":true,"href":"https:\/\/www.fastturnpcbs.com\/de\/wp-json\/wp\/v2\/users\/2"}],"replies":[{"embeddable":true,"href":"https:\/\/www.fastturnpcbs.com\/de\/wp-json\/wp\/v2\/comments?post=7067"}],"version-history":[{"count":0,"href":"https:\/\/www.fastturnpcbs.com\/de\/wp-json\/wp\/v2\/pages\/7067\/revisions"}],"wp:attachment":[{"href":"https:\/\/www.fastturnpcbs.com\/de\/wp-json\/wp\/v2\/media?parent=7067"}],"curies":[{"name":"wp","href":"https:\/\/api.w.org\/{rel}","templated":true}]}}