{"id":6967,"date":"2025-03-17T11:34:11","date_gmt":"2025-03-17T11:34:11","guid":{"rendered":"https:\/\/www.fastturnpcbs.com\/faehigkeiten\/faehigkeiten-der-leiterplattenherstellung\/"},"modified":"2025-05-28T02:50:44","modified_gmt":"2025-05-28T02:50:44","slug":"faehigkeiten-der-leiterplattenherstellung","status":"publish","type":"page","link":"https:\/\/www.fastturnpcbs.com\/de\/faehigkeiten\/faehigkeiten-der-leiterplattenherstellung\/","title":{"rendered":"F\u00e4higkeiten der Leiterplattenherstellung"},"content":{"rendered":"\t\t<div data-elementor-type=\"wp-page\" data-elementor-id=\"6967\" class=\"elementor elementor-6967 elementor-350\" data-elementor-settings=\"{&quot;element_pack_global_tooltip_width&quot;:{&quot;unit&quot;:&quot;px&quot;,&quot;size&quot;:&quot;&quot;,&quot;sizes&quot;:[]},&quot;element_pack_global_tooltip_width_widescreen&quot;:{&quot;unit&quot;:&quot;px&quot;,&quot;size&quot;:&quot;&quot;,&quot;sizes&quot;:[]},&quot;element_pack_global_tooltip_width_laptop&quot;:{&quot;unit&quot;:&quot;px&quot;,&quot;size&quot;:&quot;&quot;,&quot;sizes&quot;:[]},&quot;element_pack_global_tooltip_width_tablet_extra&quot;:{&quot;unit&quot;:&quot;px&quot;,&quot;size&quot;:&quot;&quot;,&quot;sizes&quot;:[]},&quot;element_pack_global_tooltip_width_tablet&quot;:{&quot;unit&quot;:&quot;px&quot;,&quot;size&quot;:&quot;&quot;,&quot;sizes&quot;:[]},&quot;element_pack_global_tooltip_width_mobile_extra&quot;:{&quot;unit&quot;:&quot;px&quot;,&quot;size&quot;:&quot;&quot;,&quot;sizes&quot;:[]},&quot;element_pack_global_tooltip_width_mobile&quot;:{&quot;unit&quot;:&quot;px&quot;,&quot;size&quot;:&quot;&quot;,&quot;sizes&quot;:[]},&quot;element_pack_global_tooltip_padding&quot;:{&quot;unit&quot;:&quot;px&quot;,&quot;top&quot;:&quot;&quot;,&quot;right&quot;:&quot;&quot;,&quot;bottom&quot;:&quot;&quot;,&quot;left&quot;:&quot;&quot;,&quot;isLinked&quot;:true},&quot;element_pack_global_tooltip_padding_widescreen&quot;:{&quot;unit&quot;:&quot;px&quot;,&quot;top&quot;:&quot;&quot;,&quot;right&quot;:&quot;&quot;,&quot;bottom&quot;:&quot;&quot;,&quot;left&quot;:&quot;&quot;,&quot;isLinked&quot;:true},&quot;element_pack_global_tooltip_padding_laptop&quot;:{&quot;unit&quot;:&quot;px&quot;,&quot;top&quot;:&quot;&quot;,&quot;right&quot;:&quot;&quot;,&quot;bottom&quot;:&quot;&quot;,&quot;left&quot;:&quot;&quot;,&quot;isLinked&quot;:true},&quot;element_pack_global_tooltip_padding_tablet_extra&quot;:{&quot;unit&quot;:&quot;px&quot;,&quot;top&quot;:&quot;&quot;,&quot;right&quot;:&quot;&quot;,&quot;bottom&quot;:&quot;&quot;,&quot;left&quot;:&quot;&quot;,&quot;isLinked&quot;:true},&quot;element_pack_global_tooltip_padding_tablet&quot;:{&quot;unit&quot;:&quot;px&quot;,&quot;top&quot;:&quot;&quot;,&quot;right&quot;:&quot;&quot;,&quot;bottom&quot;:&quot;&quot;,&quot;left&quot;:&quot;&quot;,&quot;isLinked&quot;:true},&quot;element_pack_global_tooltip_padding_mobile_extra&quot;:{&quot;unit&quot;:&quot;px&quot;,&quot;top&quot;:&quot;&quot;,&quot;right&quot;:&quot;&quot;,&quot;bottom&quot;:&quot;&quot;,&quot;left&quot;:&quot;&quot;,&quot;isLinked&quot;:true},&quot;element_pack_global_tooltip_padding_mobile&quot;:{&quot;unit&quot;:&quot;px&quot;,&quot;top&quot;:&quot;&quot;,&quot;right&quot;:&quot;&quot;,&quot;bottom&quot;:&quot;&quot;,&quot;left&quot;:&quot;&quot;,&quot;isLinked&quot;:true},&quot;element_pack_global_tooltip_border_radius&quot;:{&quot;unit&quot;:&quot;px&quot;,&quot;top&quot;:&quot;&quot;,&quot;right&quot;:&quot;&quot;,&quot;bottom&quot;:&quot;&quot;,&quot;left&quot;:&quot;&quot;,&quot;isLinked&quot;:true},&quot;element_pack_global_tooltip_border_radius_widescreen&quot;:{&quot;unit&quot;:&quot;px&quot;,&quot;top&quot;:&quot;&quot;,&quot;right&quot;:&quot;&quot;,&quot;bottom&quot;:&quot;&quot;,&quot;left&quot;:&quot;&quot;,&quot;isLinked&quot;:true},&quot;element_pack_global_tooltip_border_radius_laptop&quot;:{&quot;unit&quot;:&quot;px&quot;,&quot;top&quot;:&quot;&quot;,&quot;right&quot;:&quot;&quot;,&quot;bottom&quot;:&quot;&quot;,&quot;left&quot;:&quot;&quot;,&quot;isLinked&quot;:true},&quot;element_pack_global_tooltip_border_radius_tablet_extra&quot;:{&quot;unit&quot;:&quot;px&quot;,&quot;top&quot;:&quot;&quot;,&quot;right&quot;:&quot;&quot;,&quot;bottom&quot;:&quot;&quot;,&quot;left&quot;:&quot;&quot;,&quot;isLinked&quot;:true},&quot;element_pack_global_tooltip_border_radius_tablet&quot;:{&quot;unit&quot;:&quot;px&quot;,&quot;top&quot;:&quot;&quot;,&quot;right&quot;:&quot;&quot;,&quot;bottom&quot;:&quot;&quot;,&quot;left&quot;:&quot;&quot;,&quot;isLinked&quot;:true},&quot;element_pack_global_tooltip_border_radius_mobile_extra&quot;:{&quot;unit&quot;:&quot;px&quot;,&quot;top&quot;:&quot;&quot;,&quot;right&quot;:&quot;&quot;,&quot;bottom&quot;:&quot;&quot;,&quot;left&quot;:&quot;&quot;,&quot;isLinked&quot;:true},&quot;element_pack_global_tooltip_border_radius_mobile&quot;:{&quot;unit&quot;:&quot;px&quot;,&quot;top&quot;:&quot;&quot;,&quot;right&quot;:&quot;&quot;,&quot;bottom&quot;:&quot;&quot;,&quot;left&quot;:&quot;&quot;,&quot;isLinked&quot;:true}}\" data-elementor-post-type=\"page\">\n\t\t\t\t<div class=\"elementor-element elementor-element-463bdb0 e-flex e-con-boxed e-con e-parent\" data-id=\"463bdb0\" data-element_type=\"container\" data-e-type=\"container\" data-settings=\"{&quot;background_background&quot;:&quot;classic&quot;}\">\n\t\t\t\t\t<div class=\"e-con-inner\">\n\t\t\t\t\t<\/div>\n\t\t\t\t<\/div>\n\t\t<div class=\"elementor-element elementor-element-08ee50c e-flex e-con-boxed e-con e-parent\" data-id=\"08ee50c\" data-element_type=\"container\" data-e-type=\"container\">\n\t\t\t\t\t<div class=\"e-con-inner\">\n\t\t\t\t<div class=\"elementor-element elementor-element-fb3c9cc elementor-widget elementor-widget-heading\" data-id=\"fb3c9cc\" data-element_type=\"widget\" data-e-type=\"widget\" data-widget_type=\"heading.default\">\n\t\t\t\t\t<h2 id=\"faehigkeiten-der-leiterplattenherstellung\" class=\"elementor-heading-title elementor-size-default\">F\u00e4higkeiten der Leiterplattenherstellung<\/h2>\t\t\t\t<\/div>\n\t\t\t\t<div class=\"elementor-element elementor-element-f24558c elementor-widget elementor-widget-text-editor\" data-id=\"f24558c\" data-element_type=\"widget\" data-e-type=\"widget\" data-widget_type=\"text-editor.default\">\n\t\t\t\t\t\t\t\t\t<div><p>  FAST TURN PCBA hat es sich zur Aufgabe gemacht, Leiterplatten von h\u00f6chster Qualit\u00e4t zu wettbewerbsf\u00e4higen Preisen anzubieten. Unser Ziel ist es, bei allen Auftr\u00e4gen hervorragende Qualit\u00e4t zu liefern, ganz gleich, ob Sie einen einfachen Prototyp, eine Massenproduktion oder ein zeitkritisches und technologisch komplexes mehrlagiges Leiterplattenprodukt ben\u00f6tigen. Wir fertigen auf der Grundlage der IPC-Richtlinien und erf\u00fcllen die Normen ISO9001 und RoHS\/REACH.    <\/p><p>  FAST TURN-Leiterplatten aus verschiedenen Materialien, einschlie\u00dflich konventionellem FR4, Hoch-TG-FR4, Hochfrequenz-FR4, Hochgeschwindigkeits-FR4, halogenfreiem FR4, Polyimid, Keramik, Aluminiumoxid, hoch w\u00e4rmeleitf\u00e4higem Material, Material auf Aluminium-\/Kupferbasis, PTFE, usw. Die Oberfl\u00e4chenbehandlung von Leiterplatten umfasst HASL, ENIG, ENEPIG, OSP, Tauchvergoldung\/Zinn\/Silber, Hartvergoldung, Weichvergoldung, Kohlenstofftinte, blaue Maske, usw. <\/p><\/div><div> <\/div>\t\t\t\t\t\t\t\t<\/div>\n\t\t\t\t\t<\/div>\n\t\t\t\t<\/div>\n\t\t<div class=\"elementor-element elementor-element-16ed7cf e-flex e-con-boxed e-con e-parent\" data-id=\"16ed7cf\" data-element_type=\"container\" data-e-type=\"container\">\n\t\t\t\t\t<div class=\"e-con-inner\">\n\t\t\t\t\t<\/div>\n\t\t\t\t<\/div>\n\t\t\t\t<\/div>\n\t\t","protected":false},"excerpt":{"rendered":"<p>F\u00e4higkeiten der Leiterplattenherstellung FAST TURN PCBA hat es sich zur Aufgabe gemacht, Leiterplatten von h\u00f6chster Qualit\u00e4t zu wettbewerbsf\u00e4higen Preisen anzubieten. Unser Ziel ist es, bei allen Auftr\u00e4gen hervorragende Qualit\u00e4t zu liefern, ganz gleich, ob Sie einen einfachen Prototyp, eine Massenproduktion oder ein zeitkritisches und technologisch komplexes mehrlagiges Leiterplattenprodukt ben\u00f6tigen. Wir fertigen auf der Grundlage der [&hellip;]<\/p>\n","protected":false},"author":2,"featured_media":0,"parent":6948,"menu_order":0,"comment_status":"closed","ping_status":"closed","template":"","meta":{"_acf_changed":false,"footnotes":""},"class_list":["post-6967","page","type-page","status-publish","hentry"],"acf":[],"_links":{"self":[{"href":"https:\/\/www.fastturnpcbs.com\/de\/wp-json\/wp\/v2\/pages\/6967","targetHints":{"allow":["GET"]}}],"collection":[{"href":"https:\/\/www.fastturnpcbs.com\/de\/wp-json\/wp\/v2\/pages"}],"about":[{"href":"https:\/\/www.fastturnpcbs.com\/de\/wp-json\/wp\/v2\/types\/page"}],"author":[{"embeddable":true,"href":"https:\/\/www.fastturnpcbs.com\/de\/wp-json\/wp\/v2\/users\/2"}],"replies":[{"embeddable":true,"href":"https:\/\/www.fastturnpcbs.com\/de\/wp-json\/wp\/v2\/comments?post=6967"}],"version-history":[{"count":0,"href":"https:\/\/www.fastturnpcbs.com\/de\/wp-json\/wp\/v2\/pages\/6967\/revisions"}],"up":[{"embeddable":true,"href":"https:\/\/www.fastturnpcbs.com\/de\/wp-json\/wp\/v2\/pages\/6948"}],"wp:attachment":[{"href":"https:\/\/www.fastturnpcbs.com\/de\/wp-json\/wp\/v2\/media?parent=6967"}],"curies":[{"name":"wp","href":"https:\/\/api.w.org\/{rel}","templated":true}]}}